{"id":3,"date":"2026-03-21T03:43:38","date_gmt":"2026-03-21T03:43:38","guid":{"rendered":"https:\/\/siteseficazes.com.br\/psianamorais\/?page_id=3"},"modified":"2026-03-21T04:44:53","modified_gmt":"2026-03-21T04:44:53","slug":"privacy-policy","status":"publish","type":"page","link":"https:\/\/siteseficazes.com.br\/psianamorais\/privacy-policy\/","title":{"rendered":"Pol\u00edtica de Privacidade"},"content":{"rendered":"\n<h2 class=\"wp-block-heading\">Pol\u00edtica de Privacidade<\/h2>\n\n\n\n<h2 class=\"wp-block-heading\">Quem somos<\/h2>\n\n\n\n<p>O endere\u00e7o do nosso site \u00e9: <a href=\"https:\/\/siteseficazes.com.br\/psianamorais\">https:\/\/siteseficazes.com.br\/psianamorais<\/a>.<\/p>\n\n\n\n<hr class=\"wp-block-separator has-alpha-channel-opacity\"\/>\n\n\n\n<h2 class=\"wp-block-heading\">Coment\u00e1rios<\/h2>\n\n\n\n<p>Quando os visitantes deixam coment\u00e1rios no site, coletamos os dados exibidos no formul\u00e1rio de coment\u00e1rios, al\u00e9m do endere\u00e7o de IP do visitante e a identifica\u00e7\u00e3o do navegador (user agent), para auxiliar na detec\u00e7\u00e3o de spam.<\/p>\n\n\n\n<p>Uma sequ\u00eancia anonimizada de caracteres criada a partir do seu e-mail (tamb\u00e9m chamada de hash) poder\u00e1 ser enviada ao servi\u00e7o Gravatar para verificar se voc\u00ea o utiliza. A pol\u00edtica de privacidade do Gravatar est\u00e1 dispon\u00edvel em: <a href=\"https:\/\/automattic.com\/privacy\/\">https:\/\/automattic.com\/privacy\/<\/a>. Ap\u00f3s a aprova\u00e7\u00e3o do coment\u00e1rio, a foto do seu perfil ficar\u00e1 vis\u00edvel publicamente junto ao coment\u00e1rio.<\/p>\n\n\n\n<hr class=\"wp-block-separator has-alpha-channel-opacity\"\/>\n\n\n\n<h2 class=\"wp-block-heading\">M\u00eddia<\/h2>\n\n\n\n<p>Se voc\u00ea enviar imagens para o site, evite enviar imagens com dados de localiza\u00e7\u00e3o incorporados (EXIF GPS). Visitantes podem baixar e extrair essas informa\u00e7\u00f5es das imagens dispon\u00edveis no site.<\/p>\n\n\n\n<hr class=\"wp-block-separator has-alpha-channel-opacity\"\/>\n\n\n\n<h2 class=\"wp-block-heading\">Cookies<\/h2>\n\n\n\n<p>Se voc\u00ea deixar um coment\u00e1rio em nosso site, poder\u00e1 optar por salvar seu nome, e-mail e site em cookies. Isso \u00e9 para sua comodidade, para que n\u00e3o precise preencher seus dados novamente ao fazer outro coment\u00e1rio. Esses cookies durar\u00e3o por um ano.<\/p>\n\n\n\n<p>Se voc\u00ea visitar nossa p\u00e1gina de login, ser\u00e1 criado um cookie tempor\u00e1rio para verificar se seu navegador aceita cookies. Esse cookie n\u00e3o cont\u00e9m dados pessoais e ser\u00e1 descartado ao fechar o navegador.<\/p>\n\n\n\n<p>Quando voc\u00ea fizer login, tamb\u00e9m criaremos v\u00e1rios cookies para salvar suas informa\u00e7\u00f5es de acesso e suas prefer\u00eancias de exibi\u00e7\u00e3o de tela. Cookies de login duram dois dias, e cookies de op\u00e7\u00f5es de tela duram um ano. Se voc\u00ea selecionar \u201cLembrar-me\u201d, seu acesso permanecer\u00e1 ativo por duas semanas. Ao sair da conta, os cookies de login ser\u00e3o removidos.<\/p>\n\n\n\n<p>Se voc\u00ea editar ou publicar um artigo, um cookie adicional ser\u00e1 salvo no seu navegador. Esse cookie n\u00e3o inclui dados pessoais e apenas indica o ID do post que voc\u00ea acabou de editar. Ele expira ap\u00f3s 1 dia.<\/p>\n\n\n\n<hr class=\"wp-block-separator has-alpha-channel-opacity\"\/>\n\n\n\n<h2 class=\"wp-block-heading\">Conte\u00fado incorporado de outros sites<\/h2>\n\n\n\n<p>Artigos neste site podem incluir conte\u00fados incorporados (por exemplo: v\u00eddeos, imagens, artigos, etc.). Conte\u00fados incorporados de outros sites se comportam exatamente da mesma forma como se o visitante estivesse acessando o outro site.<\/p>\n\n\n\n<p>Esses sites podem coletar dados sobre voc\u00ea, usar cookies, incorporar rastreamento adicional de terceiros e monitorar sua intera\u00e7\u00e3o com esse conte\u00fado incorporado, incluindo rastrear sua intera\u00e7\u00e3o caso voc\u00ea tenha uma conta e esteja logado nesses sites.<\/p>\n\n\n\n<hr class=\"wp-block-separator has-alpha-channel-opacity\"\/>\n\n\n\n<h2 class=\"wp-block-heading\">Com quem compartilhamos seus dados<\/h2>\n\n\n\n<p>Se voc\u00ea solicitar a redefini\u00e7\u00e3o de senha, seu endere\u00e7o de IP ser\u00e1 inclu\u00eddo no e-mail de redefini\u00e7\u00e3o.<\/p>\n\n\n\n<hr class=\"wp-block-separator has-alpha-channel-opacity\"\/>\n\n\n\n<h2 class=\"wp-block-heading\">Por quanto tempo mantemos seus dados<\/h2>\n\n\n\n<p>Se voc\u00ea deixar um coment\u00e1rio, ele e seus metadados ser\u00e3o mantidos indefinidamente. Fazemos isso para reconhecer e aprovar automaticamente coment\u00e1rios posteriores, em vez de mant\u00ea-los em uma fila de modera\u00e7\u00e3o.<\/p>\n\n\n\n<p>Para usu\u00e1rios que se registrarem em nosso site (se houver), tamb\u00e9m armazenamos as informa\u00e7\u00f5es pessoais fornecidas em seus perfis de usu\u00e1rio. Todos os usu\u00e1rios podem ver, editar ou excluir suas informa\u00e7\u00f5es pessoais a qualquer momento (com exce\u00e7\u00e3o do nome de usu\u00e1rio). Administradores do site tamb\u00e9m podem ver e editar essas informa\u00e7\u00f5es.<\/p>\n\n\n\n<hr class=\"wp-block-separator has-alpha-channel-opacity\"\/>\n\n\n\n<h2 class=\"wp-block-heading\">Quais s\u00e3o os seus direitos sobre seus dados<\/h2>\n\n\n\n<p>Se voc\u00ea tiver uma conta neste site ou tiver deixado coment\u00e1rios, pode solicitar um arquivo exportado com os dados pessoais que mantemos sobre voc\u00ea, incluindo quaisquer dados fornecidos por voc\u00ea.<\/p>\n\n\n\n<p>Voc\u00ea tamb\u00e9m pode solicitar a exclus\u00e3o de quaisquer dados pessoais que mantemos sobre voc\u00ea. Isso n\u00e3o inclui dados que somos obrigados a manter por motivos administrativos, legais ou de seguran\u00e7a.<\/p>\n\n\n\n<hr class=\"wp-block-separator has-alpha-channel-opacity\"\/>\n\n\n\n<h2 class=\"wp-block-heading\">Para onde seus dados s\u00e3o enviados<\/h2>\n\n\n\n<p>Coment\u00e1rios de visitantes podem ser verificados por um servi\u00e7o autom\u00e1tico de detec\u00e7\u00e3o de spam.<\/p>\n\n\n\n<p><\/p>\n","protected":false},"excerpt":{"rendered":"<p>Pol\u00edtica de Privacidade Quem somos O endere\u00e7o do nosso site \u00e9: https:\/\/siteseficazes.com.br\/psianamorais. Coment\u00e1rios Quando os visitantes deixam coment\u00e1rios no site, coletamos os dados exibidos no formul\u00e1rio de coment\u00e1rios, al\u00e9m do endere\u00e7o de IP do visitante e a identifica\u00e7\u00e3o do navegador (user agent), para auxiliar na detec\u00e7\u00e3o de spam. Uma sequ\u00eancia anonimizada de caracteres criada a partir do seu e-mail (tamb\u00e9m chamada de hash) poder\u00e1 ser enviada ao servi\u00e7o Gravatar para verificar se voc\u00ea o utiliza. A pol\u00edtica de privacidade do Gravatar est\u00e1 dispon\u00edvel em: https:\/\/automattic.com\/privacy\/. Ap\u00f3s a aprova\u00e7\u00e3o do coment\u00e1rio, a foto do seu perfil ficar\u00e1 vis\u00edvel publicamente junto ao coment\u00e1rio. M\u00eddia Se voc\u00ea enviar imagens para o site, evite enviar imagens com dados de localiza\u00e7\u00e3o incorporados (EXIF GPS). Visitantes podem baixar e extrair essas informa\u00e7\u00f5es das imagens dispon\u00edveis no site. Cookies Se voc\u00ea deixar um coment\u00e1rio em nosso site, poder\u00e1 optar por salvar seu nome, e-mail e site em cookies. Isso \u00e9 para sua comodidade, para que n\u00e3o precise preencher seus dados novamente ao fazer outro coment\u00e1rio. Esses cookies durar\u00e3o por um ano. Se voc\u00ea visitar nossa p\u00e1gina de login, ser\u00e1 criado um cookie tempor\u00e1rio para verificar se seu navegador aceita cookies. Esse cookie n\u00e3o cont\u00e9m dados pessoais e ser\u00e1 descartado ao fechar o navegador. Quando voc\u00ea fizer login, tamb\u00e9m criaremos v\u00e1rios cookies para salvar suas informa\u00e7\u00f5es de acesso e suas prefer\u00eancias de exibi\u00e7\u00e3o de tela. Cookies de login duram dois dias, e cookies de op\u00e7\u00f5es de tela duram um ano. Se voc\u00ea selecionar \u201cLembrar-me\u201d, seu acesso permanecer\u00e1 ativo por duas semanas. Ao sair da conta, os cookies de login ser\u00e3o removidos. Se voc\u00ea editar ou publicar um artigo, um cookie adicional ser\u00e1 salvo no seu navegador. Esse cookie n\u00e3o inclui dados pessoais e apenas indica o ID do post que voc\u00ea acabou de editar. Ele expira ap\u00f3s 1 dia. Conte\u00fado incorporado de outros sites Artigos neste site podem incluir conte\u00fados incorporados (por exemplo: v\u00eddeos, imagens, artigos, etc.). Conte\u00fados incorporados de outros sites se comportam exatamente da mesma forma como se o visitante estivesse acessando o outro site. Esses sites podem coletar dados sobre voc\u00ea, usar cookies, incorporar rastreamento adicional de terceiros e monitorar sua intera\u00e7\u00e3o com esse conte\u00fado incorporado, incluindo rastrear sua intera\u00e7\u00e3o caso voc\u00ea tenha uma conta e esteja logado nesses sites. Com quem compartilhamos seus dados Se voc\u00ea solicitar a redefini\u00e7\u00e3o de senha, seu endere\u00e7o de IP ser\u00e1 inclu\u00eddo no e-mail de redefini\u00e7\u00e3o. Por quanto tempo mantemos seus dados Se voc\u00ea deixar um coment\u00e1rio, ele e seus metadados ser\u00e3o mantidos indefinidamente. Fazemos isso para reconhecer e aprovar automaticamente coment\u00e1rios posteriores, em vez de mant\u00ea-los em uma fila de modera\u00e7\u00e3o. Para usu\u00e1rios que se registrarem em nosso site (se houver), tamb\u00e9m armazenamos as informa\u00e7\u00f5es pessoais fornecidas em seus perfis de usu\u00e1rio. Todos os usu\u00e1rios podem ver, editar ou excluir suas informa\u00e7\u00f5es pessoais a qualquer momento (com exce\u00e7\u00e3o do nome de usu\u00e1rio). Administradores do site tamb\u00e9m podem ver e editar essas informa\u00e7\u00f5es. Quais s\u00e3o os seus direitos sobre seus dados Se voc\u00ea tiver uma conta neste site ou tiver deixado coment\u00e1rios, pode solicitar um arquivo exportado com os dados pessoais que mantemos sobre voc\u00ea, incluindo quaisquer dados fornecidos por voc\u00ea. Voc\u00ea tamb\u00e9m pode solicitar a exclus\u00e3o de quaisquer dados pessoais que mantemos sobre voc\u00ea. Isso n\u00e3o inclui dados que somos obrigados a manter por motivos administrativos, legais ou de seguran\u00e7a. Para onde seus dados s\u00e3o enviados Coment\u00e1rios de visitantes podem ser verificados por um servi\u00e7o autom\u00e1tico de detec\u00e7\u00e3o de spam.<\/p>\n","protected":false},"author":1,"featured_media":0,"parent":0,"menu_order":0,"comment_status":"closed","ping_status":"open","template":"","meta":{"footnotes":""},"class_list":["post-3","page","type-page","status-publish","hentry"],"_hostinger_reach_plugin_has_subscription_block":false,"_hostinger_reach_plugin_is_elementor":false,"_links":{"self":[{"href":"https:\/\/siteseficazes.com.br\/psianamorais\/wp-json\/wp\/v2\/pages\/3","targetHints":{"allow":["GET"]}}],"collection":[{"href":"https:\/\/siteseficazes.com.br\/psianamorais\/wp-json\/wp\/v2\/pages"}],"about":[{"href":"https:\/\/siteseficazes.com.br\/psianamorais\/wp-json\/wp\/v2\/types\/page"}],"author":[{"embeddable":true,"href":"https:\/\/siteseficazes.com.br\/psianamorais\/wp-json\/wp\/v2\/users\/1"}],"replies":[{"embeddable":true,"href":"https:\/\/siteseficazes.com.br\/psianamorais\/wp-json\/wp\/v2\/comments?post=3"}],"version-history":[{"count":2,"href":"https:\/\/siteseficazes.com.br\/psianamorais\/wp-json\/wp\/v2\/pages\/3\/revisions"}],"predecessor-version":[{"id":16,"href":"https:\/\/siteseficazes.com.br\/psianamorais\/wp-json\/wp\/v2\/pages\/3\/revisions\/16"}],"wp:attachment":[{"href":"https:\/\/siteseficazes.com.br\/psianamorais\/wp-json\/wp\/v2\/media?parent=3"}],"curies":[{"name":"wp","href":"https:\/\/api.w.org\/{rel}","templated":true}]}}